{"id":201,"date":"2024-08-27T08:01:18","date_gmt":"2024-08-27T06:01:18","guid":{"rendered":"https:\/\/tycom.wedeon.it\/?page_id=201"},"modified":"2026-03-16T10:06:18","modified_gmt":"2026-03-16T09:06:18","slug":"jira2sap","status":"publish","type":"page","link":"https:\/\/tycom.at\/en\/jira2sap\/","title":{"rendered":"JIRA-2-SAP Invoice Cockpit"},"content":{"rendered":"<p><img decoding=\"async\" src=\"\/wp-content\/uploads\/2024\/09\/tycom_jira2sap-invoice-cockpit_hero.webp\" alt=\"\"><\/p>\n<h1>JIRA-2-SAP Invoice Cockpit <\/h1>\n<h2>Die Fakturierung Ihrer Projekte war noch nie so einfach<\/h2>\n<div>Als Gesch\u00e4ftsf\u00fchrer oder Bereichsleiter eines Unternehmens, das viele Projekte abwickelt, wissen Sie, dass die genaue Erfassung und Abrechnung der Arbeitszeiten Ihrer Teams entscheidend f\u00fcr den Gesch\u00e4ftserfolg ist. Ihre Teams arbeiten hart daran, Projekte \u00fcber JIRA zu managen, aber wenn es um die Zeiterfassung und Projektfakturierung in SAP geht, stellen Sie sich die folgenden Fragen:\u202f \u202f   <\/div>\n<ul>\n<li>\n<div><strong>Komplexe Zeiterfassung:<\/strong> Weshalb geschieht die Zeiterfassung und Fakturierung oft erst in letzter Minute? Wie k\u00f6nnen Fehler und Kundenreklamationen vermieden und korrekte Rechnungen zeitnah an den Kunden \u00fcbermittelt werden?\u202f<\/div>\n<\/li>\n<li>\n<div><strong>Hoher interner Aufwand und Stress:<\/strong> Wie k\u00f6nnen wir die Zeiterfassung effizienter gestalten und unsere Teams bei der Fakturierung besser unterst\u00fctzen?<\/div>\n<\/li>\n<li>\n<div><strong>Unzuverl\u00e4ssigkeit und Ineffizienz bisheriger Methoden:<\/strong> Gibt es eine bessere Methode f\u00fcr die Zeiterfassung und Projektfakturierung als Excel-Templates, CATS, selbstgebaute Fiori-Apps und manuelle Fakturierung in SAP?\u202f<\/div>\n<\/li>\n<\/ul>\n<h2>Die L\u00f6sung: Das JIRA-2-SAP Invoice Cockpit von Tycom\u202f <\/h2>\n<p><img decoding=\"async\" src=\"\/wp-content\/uploads\/2024\/09\/box_jira-2-SAP.webp\" alt=\"Tycom Produktbox Data Analytics with SAC\"><\/p>\n<div>Die Rechnungstellung f\u00fcr Projekte war noch nie so einfach<\/div>\n<div>Bringen Sie Ihren Rechnungs&shy;stel&shy;lungs&shy;pro&shy;zess auf ein neues Niveau und fakturieren Sie schneller und effizienter mit unserer innovativen L\u00f6sung.<\/div>\n<div>JIRA-2-SAP Invoice Cockpit<\/div>\n<p><img decoding=\"async\" src=\"\/wp-content\/uploads\/2024\/09\/WeAreTycomLogo.svg\" alt=\"\"><\/p>\n<h2>Die Fakturierung von Arbeitszeiten war noch nie einfacher<\/h2>\n<div>Ihre Beraterinnen und Berater k\u00f6nnen die Arbeitszeiten direkt in JIRA erfassen \u2013 schnell, unkompliziert, und genau dort, wo die Projekte gemanagt werden.\u202fUnser Invoicing Cockpit synchronisiert die Arbeitszeiten im JIRA Projektmanagement mit Zeitwirtschaft, Controlling und Fakturierung in SAP, beschleunigt und optimiert den gesamten Fakturierungsprozess, und liefert Ihren Kunden professionelle Fakturen mit transparentem Zeitnachweis in Ihrem Corporate Design. Keine l\u00e4stigen Systemwechsel mehr, keine aufwendigen Korrekturschleifen, keine unn\u00f6tigen Diskussionen mit Kunden.\u202f <\/div>\n<div>\n<div style=\"padding:56.25% 0 0 0;position:relative;\"><iframe src=https:\/\/player.vimeo.com\/video\/1010524830?badge=0&amp;autopause=0&amp;player_id=0&amp;app_id=58479 frameborder=\"0\" allow=\"autoplay; fullscreen; picture-in-picture; clipboard-write\" style=\"position:absolute;top:0;left:0;width:100%;height:100%;\" title=\"Tycom Digital Solutions | JIRA-2-SAP Invoice Cockpit\"><\/iframe><\/div>\n<p><script src=https:\/\/player.vimeo.com\/api\/player.js><\/script>\n<\/div>\n<h2>Die Vorteile<\/h2>\n<ul>\n<li>\n<div><strong>Nahtlose Integration:<\/strong> Das JIRA-2-SAP Invoice Cockpit integriert die Zeiterfassung nahtlos in den bestehenden JIRA-Workflow und in die Folgeprozesse im SAP Standard.<\/div>\n<\/li>\n<li>\n<div><strong>Effizient und pr\u00e4zise:<\/strong> Ihre Beraterinnen und Berater k\u00f6nnen sich voll und ganz auf ihre Projekte konzentrieren, w\u00e4hrend Zeitmanagement und Abrechnung im Hintergrund effizient und pr\u00e4zise ablaufen.\u202f\u202f\u202f<\/div>\n<\/li>\n<li>\n<div><strong>Reduzierter Aufwand:<\/strong> Der interne Aufwand sinkt, die Genauigkeit steigt, und Ihre Kunden erhalten p\u00fcnktlich und korrekt ausgestellte Rechnungen.\u202f\u202f\u202f<\/div>\n<\/li>\n<\/ul>\n<div>Setzen sie jetzt den ersten Schritt zur nahtlos integrierten Zeiterfassung und Projektfakturierung!\u202f<\/div>\n<h2>Stufe 1: Kostenloses Beratungsgespr\u00e4ch<\/h2>\n<div>\n<div>Buchen Sie ein kostenloses Beratungsgespr\u00e4ch, um zu erfahren, wie das JIRA-2-SAP Invoice Cockpit Ihre spezifischen Herausforderungen l\u00f6sen kann.<br \/><a href=\"mailto:moritz.schmidt@tycom.at\">Jetzt Beratungsgespr\u00e4ch buchen<\/a><\/div>\n<\/div>\n<h2>Stufe 2: Process Workshop (4h)\u202f <\/h2>\n<div>\n<div>Im Project Invoicing Workshop gehen wir gemeinsam ihren aktuellen Prozess durch und \u00fcberpr\u00fcfen ihre Konfiguration in JIRA und SAP. Auf dieser Basis k\u00f6nnen wir die Kompatibilit\u00e4t ihrer Systeme best\u00e4tigen, Verbesserungspotenziale entlang des gesamten Prozesses aufzeigen, und die Implementierung des JIRA-2-SAP Invoice Cockpits aufgleisen. <br \/><a href=\"mailto:moritz.schmidt@tycom.at\">Jetzt Process Workshop vereinbaren<\/a><\/div>\n<\/div>\n<h2>Stufe 3: Angebot &amp; Implementierung<\/h2>\n<div>\n<div>Auf Grundlage der Workshop-Ergebnisse erhalten Sie ein passendes Angebot f\u00fcr die Umsetzung in Ihrem Unternehmen. Erleben Sie, wie das JIRA-2-SAP Invoice Cockpit die Zeiterfassung und Fakturierung in Ihrem Unternehmen revolutioniert \u2013 damit Sie sich auf das Wesentliche konzentrieren k\u00f6nnen: Ihr Projektmanagement und die Zufriedenheit Ihrer Kunden.\u202f <\/div>\n<\/div>\n<h3>JIRA-2-SAP Invoice Cockpit von Tycom \u2013 Einfach. Durchg\u00e4ngig. Effizient.<\/h3>\n<h1>\n<h4>Jetzt informieren<\/h4>\n<\/h1>\n<div>\n<p><span>M\u00f6chten Sie gerne wissen, wie diese L\u00f6sung in Ihrem Unternehmen eingebunden werden kann?<\/span><\/p>\n<\/div>\n<h1>\n<h6>Ich m\u00f6chte gerne mehr erfahren<\/h6>\n<\/h1>\n<div>\n<p>    <script charset=\"utf-8\" type=\"text\/javascript\" src=\"\/\/js-eu1.hsforms.net\/forms\/embed\/v2.js\"><\/script><br \/>\n<script>\n  hbspt.forms.create({\n    portalId: \"25503296\",\n    formId: \"6e478009-a854-4fa7-8846-eee8df75183d\"\n  });\n<\/script>\n<\/div>\n<div>\n<p>    <script charset=\"utf-8\" type=\"text\/javascript\" src=\"\/\/js-eu1.hsforms.net\/forms\/embed\/v2.js\"><\/script><br \/>\n<script>\n  hbspt.forms.create({\n    portalId: \"25503296\",\n    formId: \"4131eb1a-7831-46b1-9541-b1e6edd14454\"\n  });\n<\/script>\n<\/div>\n<div>Noch Fragen<\/div>\n<div>\n<p>Kontaktieren Sie uns unverbindlich und lassen Sie sich beraten.<\/p>\n<\/div>\n<ul>\n<li>\n<p>\n        <a href=\"mailto:moritz.schmidt@tycom.at\">Jetzt E-Mail schreiben<\/a>\n    <\/p>\n<\/li>\n<li>\n<p>\n        <a href=\"tel:004352426062146\">Jetzt anrufen<\/a>\n    <\/p>\n<\/li>\n<\/ul>\n<p><!--more--><br \/>\n<!-- {\"type\":\"layout\",\"children\":[{\"name\":\"01 Hero\",\"type\":\"section\",\"props\":{\"image_effect\":\"parallax\",\"image_loading\":true,\"image_parallax_bgy\":\"20,-230\",\"image_parallax_breakpoint\":\"m\",\"image_parallax_easing\":\"1\",\"image_position\":\"center-left\",\"image_size\":\"cover\",\"image_width\":\"1560\",\"padding\":\"none\",\"style\":\"default\",\"title_breakpoint\":\"xl\",\"title_position\":\"top-left\",\"title_rotation\":\"left\",\"vertical_align\":\"\",\"width\":\"expand\"},\"children\":[{\"type\":\"row\",\"children\":[{\"type\":\"column\",\"props\":{\"image_position\":\"center-center\",\"padding\":\"small\",\"position_sticky_breakpoint\":\"m\"},\"children\":[{\"type\":\"image\",\"props\":{\"animation\":\"none\",\"height_expand\":false,\"image\":\"wp-content\\\/uploads\\\/2024\\\/09\\\/tycom_jira2sap-invoice-cockpit_hero.webp\",\"image_focal_point\":\"top-right\",\"image_height\":400,\"image_svg_color\":\"emphasis\",\"image_viewport_height\":false,\"image_width\":1500,\"margin\":\"default\",\"parallax_transform_origin\":\"top-center\"}}]}]}]},{\"name\":\"Text 2-1\",\"type\":\"section\",\"props\":{\"image_position\":\"center-center\",\"style\":\"default\",\"title_breakpoint\":\"xl\",\"title_position\":\"top-left\",\"title_rotation\":\"left\",\"vertical_align\":\"\",\"width\":\"default\"},\"children\":[{\"type\":\"row\",\"props\":{\"column_gap\":\"large\",\"divider\":false,\"layout\":\"2-3,1-3\",\"margin_remove_bottom\":false,\"margin_remove_top\":false,\"row_gap\":\"medium\"},\"children\":[{\"type\":\"column\",\"props\":{\"image_position\":\"center-center\",\"position_sticky_breakpoint\":\"m\",\"width_medium\":\"2-3\"},\"children\":[{\"type\":\"headline\",\"props\":{\"content\":\"JIRA-2-SAP Invoice Cockpit \",\"margin\":\"default\",\"margin_remove_bottom\":false,\"margin_remove_top\":false,\"title_element\":\"h1\",\"title_style\":\"h1\"}},{\"type\":\"headline\",\"props\":{\"content\":\"Die Fakturierung Ihrer Projekte war noch nie so einfach\",\"margin\":\"default\",\"margin_remove_bottom\":false,\"margin_remove_top\":false,\"title_element\":\"h2\",\"title_style\":\"h6\"}},{\"type\":\"text\",\"props\":{\"column_breakpoint\":\"m\",\"content\":\"Als Gesch\\u00e4ftsf\\u00fchrer oder Bereichsleiter eines Unternehmens, das viele Projekte abwickelt, wissen Sie, dass die genaue Erfassung und Abrechnung der Arbeitszeiten Ihrer Teams entscheidend f\\u00fcr den Gesch\\u00e4ftserfolg ist. Ihre Teams arbeiten hart daran, Projekte \\u00fcber JIRA zu managen, aber wenn es um die Zeiterfassung und Projektfakturierung in SAP geht, stellen Sie sich die folgenden Fragen:\\u202f \\u202f   \",\"margin\":\"default\"}},{\"type\":\"list\",\"props\":{\"column_breakpoint\":\"m\",\"icon\":\"arrow-right\",\"icon_color\":\"primary\",\"image_align\":\"left\",\"image_svg_color\":\"emphasis\",\"image_vertical_align\":false,\"link_style\":\"text\",\"list_element\":\"ul\",\"list_horizontal_separator\":\", \",\"list_size\":\"large\",\"list_type\":\"vertical\",\"margin\":\"default\",\"margin_remove_bottom\":false,\"margin_remove_top\":false,\"show_image\":true,\"show_link\":true},\"children\":[{\"type\":\"list_item\",\"props\":{\"content\":\"<strong>Komplexe Zeiterfassung:<\\\/strong> Weshalb geschieht die Zeiterfassung und Fakturierung oft erst in letzter Minute? Wie k\\u00f6nnen Fehler und Kundenreklamationen vermieden und korrekte Rechnungen zeitnah an den Kunden \\u00fcbermittelt werden?\\u202f\",\"icon\":\"\"}},{\"type\":\"list_item\",\"props\":{\"content\":\"<strong>Hoher interner Aufwand und Stress:<\\\/strong> Wie k\\u00f6nnen wir die Zeiterfassung effizienter gestalten und unsere Teams bei der Fakturierung besser unterst\\u00fctzen?\",\"icon\":\"\"}},{\"type\":\"list_item\",\"props\":{\"content\":\"<strong>Unzuverl\\u00e4ssigkeit und Ineffizienz bisheriger Methoden:<\\\/strong> Gibt es eine bessere Methode f\\u00fcr die Zeiterfassung und Projektfakturierung als Excel-Templates, CATS, selbstgebaute Fiori-Apps und manuelle Fakturierung in SAP?\\u202f\",\"icon\":\"\"}}]},{\"type\":\"headline\",\"props\":{\"content\":\"Die L\\u00f6sung: Das JIRA-2-SAP Invoice Cockpit von Tycom\\u202f \",\"margin\":\"default\",\"margin_remove_bottom\":false,\"margin_remove_top\":false,\"title_element\":\"h2\",\"title_style\":\"h5\"}},{\"type\":\"fragment\",\"props\":{\"margin\":\"default\"},\"children\":[{\"type\":\"row\",\"props\":{\"alignment\":\"left\",\"column_gap\":\"collapse\",\"layout\":\"1-2,1-2\",\"margin_remove_bottom\":false,\"margin_remove_top\":false,\"row_gap\":\"collapse\"},\"children\":[{\"type\":\"column\",\"props\":{\"image_position\":\"center-center\",\"padding\":\"none\",\"position_sticky_breakpoint\":\"m\",\"style\":\"card-primary\",\"vertical_align\":\"middle\",\"width_medium\":\"1-2\"},\"children\":[{\"type\":\"image\",\"props\":{\"image\":\"wp-content\\\/uploads\\\/2024\\\/09\\\/box_jira-2-SAP.webp\",\"image_alt\":\"Tycom Produktbox Data Analytics with SAC\",\"image_svg_color\":\"emphasis\",\"margin\":\"default\",\"text_align\":\"center\"}}]},{\"type\":\"column\",\"props\":{\"image_position\":\"center-center\",\"position_sticky_breakpoint\":\"m\",\"style\":\"card-primary\",\"vertical_align\":\"middle\",\"width_medium\":\"1-2\"},\"children\":[{\"type\":\"headline\",\"props\":{\"content\":\"Die Rechnungstellung f\\u00fcr Projekte war noch nie so einfach\",\"title_element\":\"div\",\"title_style\":\"h3\"}},{\"type\":\"text\",\"props\":{\"column_breakpoint\":\"m\",\"content\":\"Bringen Sie Ihren Rechnungs&shy;stel&shy;lungs&shy;pro&shy;zess auf ein neues Niveau und fakturieren Sie schneller und effizienter mit unserer innovativen L\\u00f6sung.\",\"margin\":\"default\"}},{\"type\":\"headline\",\"props\":{\"content\":\"JIRA-2-SAP Invoice Cockpit\",\"margin\":\"remove-vertical\",\"margin_remove_top\":false,\"title_element\":\"div\",\"title_style\":\"h6\"}},{\"type\":\"image\",\"props\":{\"blend\":false,\"image\":\"wp-content\\\/uploads\\\/2024\\\/09\\\/WeAreTycomLogo.svg\",\"image_svg_color\":\"emphasis\",\"image_width\":200,\"margin\":\"large\",\"margin_remove_bottom\":false,\"text_align\":\"right\"}}]}]}],\"name\":\"CTA Box\"},{\"type\":\"headline\",\"props\":{\"content\":\"Die Fakturierung von Arbeitszeiten war noch nie einfacher\",\"margin\":\"default\",\"margin_remove_bottom\":false,\"margin_remove_top\":false,\"title_element\":\"h2\",\"title_style\":\"h5\"}},{\"type\":\"text\",\"props\":{\"column_breakpoint\":\"m\",\"content\":\"Ihre Beraterinnen und Berater k\\u00f6nnen die Arbeitszeiten direkt in JIRA erfassen \\u2013 schnell, unkompliziert, und genau dort, wo die Projekte gemanagt werden.\\u202fUnser Invoicing Cockpit synchronisiert die Arbeitszeiten im JIRA Projektmanagement mit Zeitwirtschaft, Controlling und Fakturierung in SAP, beschleunigt und optimiert den gesamten Fakturierungsprozess, und liefert Ihren Kunden professionelle Fakturen mit transparentem Zeitnachweis in Ihrem Corporate Design. Keine l\\u00e4stigen Systemwechsel mehr, keine aufwendigen Korrekturschleifen, keine unn\\u00f6tigen Diskussionen mit Kunden.\\u202f \",\"margin\":\"default\"}},{\"type\":\"html\",\"props\":{\"content\":\"\n\n<div style=\\\"padding:56.25% 0 0 0;position:relative;\\\"><iframe src=https:\\\/\\\/player.vimeo.com\\\/video\\\/1010524830?badge=0&amp;autopause=0&amp;player_id=0&amp;app_id=58479 frameborder=\\\"0\\\" allow=\\\"autoplay; fullscreen; picture-in-picture; clipboard-write\\\" style=\\\"position:absolute;top:0;left:0;width:100%;height:100%;\\\" title=\\\"Tycom Digital Solutions | JIRA-2-SAP Invoice Cockpit\\\"><\\\/iframe><\\\/div><script src=https:\\\/\\\/player.vimeo.com\\\/api\\\/player.js><\\\/script>\"}},{\"type\":\"headline\",\"props\":{\"content\":\"Die Vorteile\",\"margin\":\"default\",\"margin_remove_bottom\":false,\"margin_remove_top\":false,\"title_element\":\"h2\",\"title_style\":\"h5\"}},{\"type\":\"list\",\"props\":{\"column_breakpoint\":\"m\",\"icon\":\"arrow-right\",\"icon_color\":\"primary\",\"image_align\":\"left\",\"image_svg_color\":\"emphasis\",\"image_vertical_align\":false,\"link_style\":\"text\",\"list_element\":\"ul\",\"list_horizontal_separator\":\", \",\"list_size\":\"large\",\"list_type\":\"vertical\",\"margin\":\"default\",\"margin_remove_bottom\":false,\"margin_remove_top\":false,\"show_image\":true,\"show_link\":true},\"children\":[{\"type\":\"list_item\",\"props\":{\"content\":\"<strong>Nahtlose Integration:<\\\/strong> Das JIRA-2-SAP Invoice Cockpit integriert die Zeiterfassung nahtlos in den bestehenden JIRA-Workflow und in die Folgeprozesse im SAP Standard.\",\"icon\":\"\"}},{\"type\":\"list_item\",\"props\":{\"content\":\"<strong>Effizient und pr\\u00e4zise:<\\\/strong> Ihre Beraterinnen und Berater k\\u00f6nnen sich voll und ganz auf ihre Projekte konzentrieren, w\\u00e4hrend Zeitmanagement und Abrechnung im Hintergrund effizient und pr\\u00e4zise ablaufen.\\u202f\\u202f\\u202f\",\"icon\":\"\"}},{\"type\":\"list_item\",\"props\":{\"content\":\"<strong>Reduzierter Aufwand:<\\\/strong> Der interne Aufwand sinkt, die Genauigkeit steigt, und Ihre Kunden erhalten p\\u00fcnktlich und korrekt ausgestellte Rechnungen.\\u202f\\u202f\\u202f\",\"icon\":\"\"}}]},{\"type\":\"text\",\"props\":{\"column_breakpoint\":\"m\",\"content\":\"Setzen sie jetzt den ersten Schritt zur nahtlos integrierten Zeiterfassung und Projektfakturierung!\\u202f\",\"margin\":\"default\"}},{\"type\":\"headline\",\"props\":{\"content\":\"Stufe 1: Kostenloses Beratungsgespr\\u00e4ch\",\"margin\":\"default\",\"margin_remove_bottom\":false,\"margin_remove_top\":false,\"title_element\":\"h2\",\"title_style\":\"h5\"}},{\"type\":\"list\",\"props\":{\"column_breakpoint\":\"m\",\"icon\":\"arrow-right\",\"icon_color\":\"primary\",\"image_align\":\"left\",\"image_svg_color\":\"emphasis\",\"image_vertical_align\":false,\"link_style\":\"text\",\"list_element\":\"ul\",\"list_horizontal_separator\":\", \",\"list_size\":\"large\",\"list_type\":\"vertical\",\"margin\":\"default\",\"margin_remove_bottom\":false,\"margin_remove_top\":false,\"show_image\":true,\"show_link\":true},\"children\":[{\"type\":\"list_item\",\"props\":{\"content\":\"Buchen Sie ein kostenloses Beratungsgespr\\u00e4ch, um zu erfahren, wie das JIRA-2-SAP Invoice Cockpit Ihre spezifischen Herausforderungen l\\u00f6sen kann.<br \\\/><a href=\\\"mailto:moritz.schmidt@tycom.at\\\">Jetzt Beratungsgespr\\u00e4ch buchen<\\\/a>\",\"icon\":\"\"}}]},{\"type\":\"headline\",\"props\":{\"content\":\"Stufe 2: Process Workshop (4h)\\u202f \",\"margin\":\"default\",\"margin_remove_bottom\":false,\"margin_remove_top\":false,\"title_element\":\"h2\",\"title_style\":\"h5\"}},{\"type\":\"list\",\"props\":{\"column_breakpoint\":\"m\",\"icon\":\"arrow-right\",\"icon_color\":\"primary\",\"image_align\":\"left\",\"image_svg_color\":\"emphasis\",\"image_vertical_align\":false,\"link_style\":\"text\",\"list_element\":\"ul\",\"list_horizontal_separator\":\", \",\"list_size\":\"large\",\"list_type\":\"vertical\",\"margin\":\"default\",\"margin_remove_bottom\":false,\"margin_remove_top\":false,\"show_image\":true,\"show_link\":true},\"children\":[{\"type\":\"list_item\",\"props\":{\"content\":\"Im Project Invoicing Workshop gehen wir gemeinsam ihren aktuellen Prozess durch und \\u00fcberpr\\u00fcfen ihre Konfiguration in JIRA und SAP. Auf dieser Basis k\\u00f6nnen wir die Kompatibilit\\u00e4t ihrer Systeme best\\u00e4tigen, Verbesserungspotenziale entlang des gesamten Prozesses aufzeigen, und die Implementierung des JIRA-2-SAP Invoice Cockpits aufgleisen. <br \\\/><a href=\\\"mailto:moritz.schmidt@tycom.at\\\">Jetzt Process Workshop vereinbaren<\\\/a>\",\"icon\":\"\"}}]},{\"type\":\"headline\",\"props\":{\"content\":\"Stufe 3: Angebot &amp; Implementierung\",\"margin\":\"default\",\"margin_remove_bottom\":false,\"margin_remove_top\":false,\"title_element\":\"h2\",\"title_style\":\"h5\"}},{\"type\":\"list\",\"props\":{\"column_breakpoint\":\"m\",\"icon\":\"arrow-right\",\"icon_color\":\"primary\",\"image_align\":\"left\",\"image_svg_color\":\"emphasis\",\"image_vertical_align\":false,\"link_style\":\"text\",\"list_element\":\"ul\",\"list_horizontal_separator\":\", \",\"list_size\":\"large\",\"list_type\":\"vertical\",\"margin\":\"default\",\"margin_remove_bottom\":false,\"margin_remove_top\":false,\"show_image\":true,\"show_link\":true},\"children\":[{\"type\":\"list_item\",\"props\":{\"content\":\"Auf Grundlage der Workshop-Ergebnisse erhalten Sie ein passendes Angebot f\\u00fcr die Umsetzung in Ihrem Unternehmen. Erleben Sie, wie das JIRA-2-SAP Invoice Cockpit die Zeiterfassung und Fakturierung in Ihrem Unternehmen revolutioniert \\u2013 damit Sie sich auf das Wesentliche konzentrieren k\\u00f6nnen: Ihr Projektmanagement und die Zufriedenheit Ihrer Kunden.\\u202f \",\"icon\":\"\"}}]},{\"type\":\"headline\",\"props\":{\"content\":\"JIRA-2-SAP Invoice Cockpit von Tycom \\u2013 Einfach. Durchg\\u00e4ngig. Effizient.\",\"margin\":\"default\",\"margin_remove_bottom\":false,\"margin_remove_top\":false,\"title_element\":\"h3\",\"title_style\":\"h6\"}}]},{\"type\":\"column\",\"props\":{\"image_position\":\"center-center\",\"position_sticky\":\"column\",\"position_sticky_breakpoint\":\"m\",\"position_sticky_offset\":\"120\",\"width_medium\":\"1-3\"},\"children\":[{\"type\":\"headline\",\"props\":{\"content\":\"\n\n<h4>Jetzt informieren<\\\/h4>\",\"title_element\":\"h1\"}},{\"type\":\"text\",\"props\":{\"column_breakpoint\":\"m\",\"content\":\"\n\n<p><span>M\\u00f6chten Sie gerne wissen, wie diese L\\u00f6sung in Ihrem Unternehmen eingebunden werden kann?<\\\/span><\\\/p>\",\"margin\":\"default\"}},{\"type\":\"headline\",\"props\":{\"content\":\"\n\n<h6>Ich m\\u00f6chte gerne mehr erfahren<\\\/h6>\",\"title_element\":\"h1\"}},{\"type\":\"html\",\"props\":{\"content\":\"<script charset=\\\"utf-8\\\" type=\\\"text\\\/javascript\\\" src=\\\"\\\/\\\/js-eu1.hsforms.net\\\/forms\\\/embed\\\/v2.js\\\"><\\\/script>\\n<script>\\n  hbspt.forms.create({\\n    portalId: \\\"25503296\\\",\\n    formId: \\\"6e478009-a854-4fa7-8846-eee8df75183d\\\"\\n  });\\n<\\\/script>\",\"yooessentials_access_conditions\":[{\"type\":\"yooessentials_access_language\",\"id\":\"ci_016FB4\",\"props\":{\"languages\":[\"de_DE\"]}}],\"yooessentials_access_mode\":\"AND\"},\"name\":\"hsform DE\"},{\"type\":\"html\",\"props\":{\"content\":\"<script charset=\\\"utf-8\\\" type=\\\"text\\\/javascript\\\" src=\\\"\\\/\\\/js-eu1.hsforms.net\\\/forms\\\/embed\\\/v2.js\\\"><\\\/script>\\n<script>\\n  hbspt.forms.create({\\n    portalId: \\\"25503296\\\",\\n    formId: \\\"4131eb1a-7831-46b1-9541-b1e6edd14454\\\"\\n  });\\n<\\\/script>\",\"yooessentials_access_conditions\":[{\"type\":\"yooessentials_access_language\",\"id\":\"ci_D0CCC6\",\"props\":{\"languages\":[\"en_US\",\"en_GB\"]}}],\"yooessentials_access_mode\":\"AND\"},\"name\":\"hsform EN\"}]}]}]},{\"type\":\"section\",\"props\":{\"image_position\":\"center-center\",\"padding\":\"xsmall\",\"padding_remove_bottom\":false,\"style\":\"default\",\"title_breakpoint\":\"xl\",\"title_position\":\"top-left\",\"title_rotation\":\"left\",\"vertical_align\":\"middle\",\"width\":\"\"},\"children\":[{\"type\":\"row\",\"props\":{\"column_gap\":\"collapse\",\"layout\":\"1-3,2-3\",\"margin_remove_bottom\":false,\"margin_remove_top\":false,\"row_gap\":\"collapse\"},\"children\":[{\"type\":\"column\",\"props\":{\"image_position\":\"center-center\",\"position_sticky_breakpoint\":\"m\",\"style\":\"tile-secondary\",\"width_medium\":\"1-3\"},\"children\":[{\"type\":\"headline\",\"props\":{\"content\":\"Noch Fragen\",\"title_element\":\"div\",\"title_style\":\"h3\"}},{\"type\":\"text\",\"props\":{\"column_breakpoint\":\"m\",\"content\":\"\n\n<p>Kontaktieren Sie uns unverbindlich und lassen Sie sich beraten.<\\\/p>\",\"margin\":\"default\"}},{\"type\":\"button\",\"props\":{\"grid_column_gap\":\"small\",\"grid_row_gap\":\"small\",\"margin\":\"medium\"},\"children\":[{\"type\":\"button_item\",\"props\":{\"button_style\":\"secondary\",\"content\":\"Jetzt E-Mail schreiben\",\"dialog_layout\":\"modal\",\"dialog_offcanvas_flip\":true,\"icon\":\"mail\",\"icon_align\":\"right\",\"link\":\"mailto:moritz.schmidt@tycom.at\",\"link_aria_label\":\"Jetzt E-Mail schreiben \\u00f6ffnet den Mail client\",\"link_title\":\"Kontakt per E-Mail\"}},{\"type\":\"button_item\",\"props\":{\"button_style\":\"secondary\",\"content\":\"Jetzt anrufen\",\"dialog_layout\":\"modal\",\"dialog_offcanvas_flip\":true,\"icon\":\"phone\",\"icon_align\":\"right\",\"link\":\"tel:004352426062146\",\"link_aria_label\":\"Jetzt anrufen w\\u00e4hlt die Telefonnummer\",\"link_title\":\"Jetzt anrufen\"}}]}]},{\"type\":\"column\",\"props\":{\"image\":\"wp-content\\\/uploads\\\/2024\\\/09\\\/tycom_CTA_01.webp\",\"image_height\":\"412\",\"image_position\":\"center-center\",\"image_width\":\"1000\",\"media_visibility\":\"l\",\"position_sticky_breakpoint\":\"m\",\"width_medium\":\"2-3\"}}]}],\"name\":\"CTA Mail Phone\"}],\"version\":\"4.5.28\",\"yooessentialsVersion\":\"2.4.12\"} --><\/p>\n","protected":false},"excerpt":{"rendered":"<p>JIRA-2-SAP Invoice Cockpit Die Fakturierung Ihrer Projekte war noch nie so einfach Als Gesch\u00e4ftsf\u00fchrer oder Bereichsleiter eines Unternehmens, das viele Projekte abwickelt, wissen Sie, dass die genaue Erfassung und Abrechnung der Arbeitszeiten Ihrer Teams entscheidend f\u00fcr den Gesch\u00e4ftserfolg ist. Ihre Teams arbeiten hart daran, Projekte \u00fcber JIRA zu managen, aber wenn es um die Zeiterfassung [&hellip;]<\/p>\n","protected":false},"author":1,"featured_media":0,"parent":0,"menu_order":0,"comment_status":"closed","ping_status":"closed","template":"","meta":{"footnotes":""},"class_list":["post-201","page","type-page","status-publish","hentry"],"_links":{"self":[{"href":"https:\/\/tycom.at\/en\/wp-json\/wp\/v2\/pages\/201","targetHints":{"allow":["GET"]}}],"collection":[{"href":"https:\/\/tycom.at\/en\/wp-json\/wp\/v2\/pages"}],"about":[{"href":"https:\/\/tycom.at\/en\/wp-json\/wp\/v2\/types\/page"}],"author":[{"embeddable":true,"href":"https:\/\/tycom.at\/en\/wp-json\/wp\/v2\/users\/1"}],"replies":[{"embeddable":true,"href":"https:\/\/tycom.at\/en\/wp-json\/wp\/v2\/comments?post=201"}],"version-history":[{"count":18,"href":"https:\/\/tycom.at\/en\/wp-json\/wp\/v2\/pages\/201\/revisions"}],"predecessor-version":[{"id":3581,"href":"https:\/\/tycom.at\/en\/wp-json\/wp\/v2\/pages\/201\/revisions\/3581"}],"wp:attachment":[{"href":"https:\/\/tycom.at\/en\/wp-json\/wp\/v2\/media?parent=201"}],"curies":[{"name":"wp","href":"https:\/\/api.w.org\/{rel}","templated":true}]}}