{"id":3815,"date":"2026-03-17T15:03:06","date_gmt":"2026-03-17T14:03:06","guid":{"rendered":"https:\/\/tycom.at\/?page_id=3815"},"modified":"2026-04-20T09:05:28","modified_gmt":"2026-04-20T07:05:28","slug":"contact","status":"publish","type":"page","link":"https:\/\/tycom.at\/en\/kontakt\/","title":{"rendered":"Contact"},"content":{"rendered":"<div>Kontaktieren Sie uns<\/div>\n<h1>Wir freuen uns von Ihnen zu h\u00f6ren!<\/h1>\n<div>\n<p>Wie k\u00f6nnen wir helfen? Wir freuen uns auf ein Gespr\u00e4ch mit Ihnen.<\/p>\n<\/div>\n<h2>Nachricht senden<\/h2>\n<div>\n<p>    <script charset=\"utf-8\" type=\"text\/javascript\" src=\"\/\/js-eu1.hsforms.net\/forms\/embed\/v2.js\"><\/script><br \/>\n<script>\n  hbspt.forms.create({\n    portalId: \"25503296\",\n    formId: \"086a1fc1-119b-4f20-91f6-ba8a72d11bff\",\n    region: \"eu1\"\n  });\n<\/script><br \/>\n<script>\n  window.addEventListener('message', function(event) {\n    if (event.data.type === 'hsFormCallback' && event.data.eventName === 'onFormReady') {\n      var formId = event.data.id; \/\/ z.B. \"086a1fc1-119b-4f20-91f6-ba8a72d11bff\"\n      var pageUrlField = document.querySelector(\n        '#page_url-' + formId\n      );\n      if (pageUrlField) {\n        pageUrlField.value = window.location.href;\n      }\n    }\n  });\n<\/script>\n<\/div>\n<h2>Direktkontakt<\/h2>\n<div>\n<h3>E-Mail<\/h3>\n<div>\n<p><a href=\"mailto:office@tycom.at\">office@tycom.at<\/a><\/p>\n<\/div>\n<\/div>\n<div>\n<h3>Adresse<\/h3>\n<div>\n<p><span>Swarovskistra\u00dfe 33<\/span><br \/><span>6130 Schwaz, \u00d6sterreich<\/span><\/p>\n<\/div>\n<\/div>\n<div>\n<h3>LinkedIn<\/h3>\n<div>\n<p><a href=\"https:\/\/www.linkedin.com\/company\/tycom-digital-solutions\/\" target=\"_blank\" rel=\"noopener noreferrer\">Tycom Digital Solutions<\/a><\/p>\n<\/div>\n<\/div>\n<p><!--more--><br \/>\n<!-- {\"type\":\"layout\",\"children\":[{\"type\":\"section\",\"props\":{\"image_position\":\"center-center\",\"style\":\"default\",\"title_breakpoint\":\"xl\",\"title_position\":\"top-left\",\"title_rotation\":\"left\",\"vertical_align\":\"middle\",\"width\":\"xlarge\"},\"children\":[{\"type\":\"row\",\"children\":[{\"type\":\"column\",\"props\":{\"image_position\":\"center-center\",\"position_sticky_breakpoint\":\"m\"},\"children\":[{\"type\":\"headline\",\"props\":{\"content\":\"Kontaktieren Sie uns\",\"title_element\":\"div\",\"title_style\":\"h5\"}},{\"type\":\"headline\",\"props\":{\"content\":\"Wir freuen uns von Ihnen zu h\\u00f6ren!\",\"margin_remove_top\":true,\"title_decoration\":\"line\",\"title_element\":\"h1\",\"title_style\":\"h2\"}},{\"type\":\"text\",\"props\":{\"column_breakpoint\":\"m\",\"content\":\"\n\n<p>Wie k\\u00f6nnen wir helfen? Wir freuen uns auf ein Gespr\\u00e4ch mit Ihnen.<\\\/p>\",\"margin\":\"default\",\"margin_remove_bottom\":false}}]}]}]},{\"type\":\"section\",\"props\":{\"image_position\":\"center-center\",\"padding_remove_top\":true,\"style\":\"default\",\"title_breakpoint\":\"xl\",\"title_position\":\"top-left\",\"title_rotation\":\"left\",\"vertical_align\":\"middle\",\"width\":\"xlarge\"},\"children\":[{\"type\":\"row\",\"props\":{\"divider\":false,\"layout\":\"3-5,2-5\"},\"children\":[{\"type\":\"column\",\"props\":{\"image_position\":\"center-center\",\"position_sticky_breakpoint\":\"m\",\"style\":\"card-primary\",\"width_medium\":\"3-5\"},\"children\":[{\"type\":\"headline\",\"props\":{\"content\":\"Nachricht senden\",\"title_element\":\"h2\",\"title_style\":\"h3\"}},{\"type\":\"html\",\"props\":{\"content\":\"<script charset=\\\"utf-8\\\" type=\\\"text\\\/javascript\\\" src=\\\"\\\/\\\/js-eu1.hsforms.net\\\/forms\\\/embed\\\/v2.js\\\"><\\\/script>\\n<script>\\n  hbspt.forms.create({\\n    portalId: \\\"25503296\\\",\\n    formId: \\\"086a1fc1-119b-4f20-91f6-ba8a72d11bff\\\",\\n    region: \\\"eu1\\\"\\n  });\\n<\\\/script>\\n<script>\\n  window.addEventListener('message', function(event) {\\n    if (event.data.type === 'hsFormCallback' && event.data.eventName === 'onFormReady') {\\n      var formId = event.data.id; \\\/\\\/ z.B. \\\"086a1fc1-119b-4f20-91f6-ba8a72d11bff\\\"\\n      var pageUrlField = document.querySelector(\\n        '#page_url-' + formId\\n      );\\n      if (pageUrlField) {\\n        pageUrlField.value = window.location.href;\\n      }\\n    }\\n  });\\n<\\\/script>\",\"css\":\"\\\/* HubSpot Form \\u2013 Tycom Styling *\\\/\\n\\n\\\/* Fieldset reset *\\\/\\n.hs-form fieldset {\\n  max-width: 100% !important;\\n  border: none !important;\\n  padding: 0 !important;\\n  margin-bottom: 16px !important;\\n}\\n\\\/* Fieldsets die nur hidden inputs enthalten, verstecken *\\\/\\n.hs-form fieldset:has(> div > div > .hs-input[type=\\\"hidden\\\"]) {\\n  display: none;\\n  margin: 0;\\n  padding: 0;\\n}\\n.hs_conversion_category,\\n.hs_form_category,\\n.hs_page_url,\\n.hs_utm_traffic_source,\\n.hs_gclid,\\n.hs_ga_client_id,\\n.hs_fbclid,\\n.hs_form_transaction_id {\\n  display: none;\\n  margin: 0;\\n  padding: 0;\\n}\\n.hs-form fieldset:has(.hs_conversion_category),\\n.hs-form fieldset:has(.hs_form_category),\\n.hs-form fieldset:has(.hs_page_url),\\n.hs-form fieldset:has(.hs_utm_traffic_source),\\n.hs-form fieldset:has(.hs_gclid),\\n.hs-form fieldset:has(.hs_ga_client_id),\\n.hs-form fieldset:has(.hs_fbclid),\\n.hs-form fieldset:has(.hs_form_transaction_id) {\\n  display: none;\\n}\\n\\\/* Labels *\\\/\\n.hs-form label {\\n  display: block !important;\\n  margin-bottom: 6px !important;\\n  color:#273346;\\n}\\n\\n\\\/* Pflichtfeld-Stern *\\\/\\n.hs-form-required {\\n  color: #0D5593 !important;\\n  margin-left: 2px !important;\\n}\\n\\n\\\/* Input & Textarea *\\\/\\n.hs-form input[type=\\\"text\\\"],\\n.hs-form input[type=\\\"email\\\"],\\n.hs-form input[type=\\\"tel\\\"],\\n.hs-form textarea {\\n  font-family:TycomCond;\\n  font-size:19px;\\n  color:#273346 !important;\\n  border: 1px solid #e0e6ed !important;\\n  border-radius: 3px !important;\\n  padding: 10px 14px !important;\\n  background: #ffffff !important;\\n  outline: none !important;\\n  box-shadow: none !important;\\n  transition: border-color 0.2s !important;\\n  -webkit-appearance: none !important;\\n}\\n\\n.hs-form input[type=\\\"email\\\"],\\n.hs-form input[type=\\\"tel\\\"] {\\n width:80%;   \\n}\\n\\n.hs-form input[type=\\\"text\\\"]:focus,\\n.hs-form input[type=\\\"email\\\"]:focus,\\n.hs-form input[type=\\\"tel\\\"]:focus,\\n.hs-form textarea:focus {\\n  border-color: #0D5593 !important;\\n}\\n\\n.hs-form textarea {\\n  resize: vertical !important;\\n  min-height: 90px !important;\\n}\\n\\n\\\/* Fehler-State *\\\/\\n.hs-form input.error,\\n.hs-form input.invalid {\\n  border-color: #e53e3e !important;\\n}\\n\\n\\\/* Fehlermeldung *\\\/\\n.hs-error-msgs, .hs_error_rollup .hs-main-font-element {\\n  list-style: none !important;\\n  padding: 0 !important;\\n  margin: 4px 0 0 !important;\\n  color: #e53e3e !important;\\n}\\n.hs_error_rollup .hs-main-font-element {\\n padding-bottom:25px !important;   \\n}\\n\\n.hs-error-msg {\\n  font-size: 14px !important;\\n  color: #e53e3e !important;\\n}\\n\\n\\\/* Checkbox (Datenschutz) *\\\/\\n.hs-form .legal-consent-container {\\n  margin-top: 0px !important;\\n  width:90%;\\n}\\n\\n.hs-form .hs-fieldtype-booleancheckbox ul{\\n    list-style:none;\\n    padding:0;\\n}\\n\\n.hs-form .hs-fieldtype-booleancheckbox ul {\\n  list-style: none !important;\\n  padding: 0 !important;\\n  margin: 0 !important;\\n}\\n\\n.hs-form-booleancheckbox-display {\\n  display: flex !important;\\n  flex-direction: row !important;\\n  gap: 10px !important;\\n  align-items: flex-start !important;\\n  color: #273346 !important;\\n  line-height: 1.5 !important;\\n  cursor: pointer !important;\\n  width: 100% !important;   \\\/* \\u2190 neu *\\\/\\n}\\n\\n.hs-form-booleancheckbox-display input[type=\\\"checkbox\\\"] {\\n  width: 19px !important;\\n  height: 19px !important;\\n  min-width: 19px !important;  \\\/* \\u2190 neu, sicherer als flex-shrink *\\\/\\n  flex-shrink: 0 !important;\\n  margin-top: 3px !important;\\n  accent-color: #0D5593 !important;\\n}\\n\\n.hs-form-booleancheckbox-display > span {\\n  flex: 1 1 auto !important;  \\\/* \\u2190 neu *\\\/\\n  display: block !important;\\n}\\n\\n.hs-form-booleancheckbox-display a {\\n  color: #0D5593 !important;\\n  text-decoration: underline !important;\\n}\\n\\n.hs-form-booleancheckbox-display a:hover {\\n  text-decoration: none !important;\\n}\\n\\n\\\/* Submit Button *\\\/\\n.hs-form input[type=\\\"submit\\\"],\\n.hs-form .hs-button {\\n  background: #007DBA !important;\\n  color: #ffffff !important;\\n  border: none !important;\\n  padding: 13px 28px !important;\\n  border-radius: 20px !important;\\n  letter-spacing: 0.08em !important;\\n  text-transform: uppercase !important;\\n  cursor: pointer !important;\\n  font-family: 'Arial', sans-serif !important;\\n  transition: background 0.2s !important;\\n  -webkit-appearance: none !important;\\n}\\n\\n.hs-form input[type=\\\"submit\\\"]:hover,\\n.hs-form .hs-button:hover {\\n  background: #273346 !important;\\n}\"}}]},{\"type\":\"column\",\"props\":{\"image_position\":\"center-center\",\"padding\":\"small\",\"position_sticky_breakpoint\":\"m\",\"style\":\"tile-muted\",\"width_medium\":\"2-5\"},\"children\":[{\"type\":\"headline\",\"props\":{\"content\":\"Direktkontakt\",\"title_element\":\"h2\",\"title_style\":\"h3\"}},{\"type\":\"panel\",\"props\":{\"content\":\"\n\n<p><a href=\\\"mailto:office@tycom.at\\\">office@tycom.at<\\\/a><\\\/p>\",\"content_align\":true,\"content_column_breakpoint\":\"m\",\"content_margin\":\"remove\",\"css\":\".el-title {\\n    color:#363636;\\n    font-size:22px;\\n}\\n.el-content a {\\n     color:#363636;\\n    text-decoration:underline;\\n}\\n.el-content a:hover {\\n    text-decoration:none;\\n}\",\"icon\":\"mail\",\"icon_color\":\"danger\",\"icon_width\":\"20\",\"image_align\":\"left\",\"image_grid_breakpoint\":\"m\",\"image_grid_column_gap\":\"small\",\"image_grid_width\":\"auto\",\"image_svg_color\":\"emphasis\",\"image_vertical_align\":false,\"link_fullwidth\":false,\"link_style\":\"primary\",\"link_text\":\"\",\"margin\":\"default\",\"margin_remove_bottom\":false,\"margin_remove_top\":false,\"meta\":\"\",\"meta_align\":\"below-title\",\"meta_element\":\"div\",\"meta_style\":\"text-meta\",\"panel_link\":true,\"panel_padding\":\"small\",\"title\":\"E-Mail\",\"title_align\":\"top\",\"title_element\":\"h3\",\"title_grid_breakpoint\":\"m\",\"title_grid_width\":\"1-2\",\"title_hover_style\":\"reset\",\"title_style\":\"h3\"},\"name\":\"Panel with check icon\"},{\"type\":\"panel\",\"props\":{\"content\":\"\n\n<p><span>Swarovskistra\\u00dfe 33<\\\/span><br \\\/><span>6130 Schwaz, \\u00d6sterreich<\\\/span><\\\/p>\",\"content_align\":true,\"content_column_breakpoint\":\"m\",\"content_margin\":\"remove\",\"css\":\".el-title {\\n    color:#363636;\\n    font-size:22px;\\n}\\n.el-content a {\\n     color:#363636;   \\n}\",\"icon\":\"location\",\"icon_color\":\"danger\",\"icon_width\":\"20\",\"image_align\":\"left\",\"image_grid_breakpoint\":\"m\",\"image_grid_column_gap\":\"small\",\"image_grid_width\":\"auto\",\"image_svg_color\":\"emphasis\",\"image_vertical_align\":false,\"link_fullwidth\":false,\"link_style\":\"primary\",\"link_text\":\"\",\"margin\":\"default\",\"margin_remove_bottom\":false,\"margin_remove_top\":false,\"meta\":\"\",\"meta_align\":\"below-title\",\"meta_element\":\"div\",\"meta_style\":\"text-meta\",\"panel_link\":true,\"panel_padding\":\"small\",\"title\":\"Adresse\",\"title_align\":\"top\",\"title_element\":\"h3\",\"title_grid_breakpoint\":\"m\",\"title_grid_width\":\"1-2\",\"title_hover_style\":\"reset\",\"title_style\":\"h3\"},\"name\":\"Panel with check icon\"},{\"type\":\"panel\",\"props\":{\"content\":\"\n\n<p><a href=\\\"https:\\\/\\\/www.linkedin.com\\\/company\\\/tycom-digital-solutions\\\/\\\" target=\\\"_blank\\\" rel=\\\"noopener noreferrer\\\">Tycom Digital Solutions<\\\/a><\\\/p>\",\"content_align\":true,\"content_column_breakpoint\":\"m\",\"content_margin\":\"remove\",\"css\":\".el-title {\\n    color:#363636;\\n    font-size:22px;\\n    \\n}\\n.el-content a {\\n     color:#363636;\\n    text-decoration:underline;\\n}\\n.el-content a:hover {\\n    text-decoration:none;\\n}\",\"icon\":\"rss\",\"icon_color\":\"danger\",\"icon_width\":\"20\",\"image_align\":\"left\",\"image_grid_breakpoint\":\"m\",\"image_grid_column_gap\":\"small\",\"image_grid_row_gap\":\"collapse\",\"image_grid_width\":\"auto\",\"image_svg_color\":\"emphasis\",\"image_vertical_align\":false,\"link_fullwidth\":false,\"link_style\":\"primary\",\"link_text\":\"\",\"margin\":\"default\",\"margin_remove_bottom\":false,\"margin_remove_top\":false,\"meta\":\"\",\"meta_align\":\"below-title\",\"meta_element\":\"div\",\"meta_style\":\"text-meta\",\"panel_link\":true,\"panel_padding\":\"small\",\"title\":\"LinkedIn\",\"title_align\":\"top\",\"title_element\":\"h3\",\"title_grid_breakpoint\":\"m\",\"title_grid_width\":\"1-2\",\"title_hover_style\":\"reset\",\"title_style\":\"h3\"},\"name\":\"Panel with check icon\"}]}]}]}],\"version\":\"4.5.28\",\"yooessentialsVersion\":\"2.4.12\"} --><\/p>\n","protected":false},"excerpt":{"rendered":"<p>Kontaktieren Sie uns Wir freuen uns von Ihnen zu h\u00f6ren! Wie k\u00f6nnen wir helfen? Wir freuen uns auf ein Gespr\u00e4ch mit Ihnen. Nachricht senden Direktkontakt E-Mail office@tycom.at Adresse Swarovskistra\u00dfe 336130 Schwaz, \u00d6sterreich LinkedIn Tycom Digital Solutions<\/p>","protected":false},"author":9,"featured_media":0,"parent":0,"menu_order":0,"comment_status":"closed","ping_status":"closed","template":"","meta":{"footnotes":""},"class_list":["post-3815","page","type-page","status-publish","hentry"],"_links":{"self":[{"href":"https:\/\/tycom.at\/en\/wp-json\/wp\/v2\/pages\/3815","targetHints":{"allow":["GET"]}}],"collection":[{"href":"https:\/\/tycom.at\/en\/wp-json\/wp\/v2\/pages"}],"about":[{"href":"https:\/\/tycom.at\/en\/wp-json\/wp\/v2\/types\/page"}],"author":[{"embeddable":true,"href":"https:\/\/tycom.at\/en\/wp-json\/wp\/v2\/users\/9"}],"replies":[{"embeddable":true,"href":"https:\/\/tycom.at\/en\/wp-json\/wp\/v2\/comments?post=3815"}],"version-history":[{"count":23,"href":"https:\/\/tycom.at\/en\/wp-json\/wp\/v2\/pages\/3815\/revisions"}],"predecessor-version":[{"id":4032,"href":"https:\/\/tycom.at\/en\/wp-json\/wp\/v2\/pages\/3815\/revisions\/4032"}],"wp:attachment":[{"href":"https:\/\/tycom.at\/en\/wp-json\/wp\/v2\/media?parent=3815"}],"curies":[{"name":"wp","href":"https:\/\/api.w.org\/{rel}","templated":true}]}}