{"id":4614,"date":"2026-04-28T14:13:43","date_gmt":"2026-04-28T12:13:43","guid":{"rendered":"https:\/\/tycom.at\/?page_id=4614"},"modified":"2026-04-28T14:18:24","modified_gmt":"2026-04-28T12:18:24","slug":"partner","status":"publish","type":"page","link":"https:\/\/tycom.at\/en\/partner\/","title":{"rendered":"Partner"},"content":{"rendered":"<p><p>\n        <a href=\"\/kontakt\/\">Kontakt &#038; <br \/>Service<\/a>\n    <\/p>\n<\/p>\n<h1>Unsere Partner<\/h1>\n<div>Gemeinsam mit unseren starken Partnern bringen wir die Vorteile unserer L\u00f6sungen noch einfacher zu unseren Kunden.<\/div>\n<ul>\n<li>\n<p>        <img decoding=\"async\" src=\"\/wp-content\/uploads\/2024\/08\/SAP-partner-logo.png\" alt=\"SAP Partner Logo\"><\/p>\n<div>Tycom Digital Solutions ist offizieller SAP Partner<\/div>\n<\/li>\n<li>\n<p>        <img decoding=\"async\" src=\"\/wp-content\/uploads\/2024\/08\/SPG-Logo.webp\" alt=\"\"><\/p>\n<div>Gemeinsame Interface-L\u00f6sungen zur Anbindung externer Software an Prozesse in SAP-Systemen<\/div>\n<\/li>\n<li>\n<p>        <img decoding=\"async\" src=\"\/wp-content\/uploads\/2024\/08\/CNT_Management_Consulting_Logo.png\" alt=\"\"><\/p>\n<div>Kooperationspartner f\u00fcr SAP S\/4 HANA Conversions &#038; Support<\/div>\n<\/li>\n<li>\n<p>        <img decoding=\"async\" src=\"\/wp-content\/uploads\/2025\/09\/Workist_logo.svg\" alt=\"\"><\/p>\n<div>Mit KI-Software automatisierte Verarbeitung von Gesch\u00e4ftsdokumenten mit Anbindung an SAP<\/div>\n<\/li>\n<\/ul>\n<p><!--more--><br \/>\n<!-- {\"type\":\"layout\",\"children\":[{\"type\":\"section\",\"props\":{\"image_position\":\"center-center\",\"padding_bottom\":\"xsmall\",\"padding_top\":\"xsmall\",\"style\":\"default\",\"title_breakpoint\":\"xl\",\"title_position\":\"top-left\",\"title_rotation\":\"left\",\"vertical_align\":\"middle\",\"width\":\"large\"},\"children\":[{\"type\":\"row\",\"children\":[{\"type\":\"column\",\"props\":{\"image_position\":\"center-center\",\"position_sticky_breakpoint\":\"m\"},\"children\":[{\"type\":\"breadcrumbs\",\"props\":{\"show_current\":true,\"show_home\":true}},{\"type\":\"button\",\"props\":{\"css\":\".el-element {\\n    position: fixed;\\n    right: 0;\\n    top: 40%;z-index: 1;\\n}\\n.el-element a {\\n    line-height:1.25rem;\\n    padding:10px 15px;\\n    background-color:#008bd2;\\n    border:0px;\\n    border-top-right-radius: 0px !important;\\n    border-bottom-right-radius: 0px !important;\\n    font-size:16px;\\n}\\n.el-element a:hover {\\n    text-decoration:underline;\\n    background-color:#273346;\\n}\\n@media (max-width: 767px) {\\n    .el-element {\\n        display: none;\\n    }\\n}\",\"fullwidth\":false,\"grid_column_gap\":\"small\",\"grid_row_gap\":\"small\",\"id\":\"sticky-button\",\"margin_bottom\":\"default\",\"margin_top\":\"default\"},\"children\":[{\"type\":\"button_item\",\"props\":{\"button_style\":\"default\",\"content\":\"Kontakt & <br \/>Service\",\"dialog_layout\":\"modal\",\"dialog_offcanvas_flip\":true,\"icon\":\"commenting\",\"icon_align\":\"left\",\"link\":\"kontakt\/\"}}],\"name\":\"Sticky Button right\"}]}]}]},{\"type\":\"section\",\"props\":{\"image_position\":\"center-center\",\"padding_bottom\":\"xlarge\",\"style\":\"default\",\"title_breakpoint\":\"xl\",\"title_position\":\"top-left\",\"title_rotation\":\"left\",\"vertical_align\":\"middle\",\"width\":\"xlarge\"},\"children\":[{\"type\":\"row\",\"children\":[{\"type\":\"column\",\"props\":{\"image_position\":\"center-center\",\"position_sticky_breakpoint\":\"m\"},\"children\":[{\"type\":\"headline\",\"props\":{\"content\":\"Unsere Partner\",\"image_align\":\"left\",\"image_margin\":\"xsmall\",\"title_decoration\":\"line\",\"title_element\":\"h1\",\"title_style\":\"h2\"}},{\"type\":\"text\",\"props\":{\"column_breakpoint\":\"m\",\"content\":\"Gemeinsam mit unseren starken Partnern bringen wir die Vorteile unserer L\u00f6sungen noch einfacher zu unseren Kunden.\",\"margin_bottom\":\"default\",\"margin_top\":\"default\"}},{\"type\":\"grid\",\"props\":{\"content_column_breakpoint\":\"m\",\"filter_align\":\"left\",\"filter_all\":true,\"filter_grid_breakpoint\":\"m\",\"filter_grid_width\":\"auto\",\"filter_position\":\"top\",\"filter_style\":\"tab\",\"grid_column_align\":false,\"grid_column_gap\":\"large\",\"grid_default\":\"1\",\"grid_medium\":\"4\",\"grid_row_align\":true,\"image_align\":\"top\",\"image_grid_breakpoint\":\"m\",\"image_grid_width\":\"1-2\",\"image_svg_color\":\"emphasis\",\"image_width\":200,\"item_animation\":true,\"lightbox_bg_close\":true,\"link_style\":\"default\",\"link_text\":\"Read more\",\"margin_bottom\":\"xlarge\",\"margin_top\":\"large\",\"meta_align\":\"below-title\",\"meta_element\":\"div\",\"meta_style\":\"text-meta\",\"show_content\":true,\"show_hover_image\":true,\"show_hover_video\":true,\"show_image\":true,\"show_link\":true,\"show_meta\":true,\"show_title\":true,\"show_video\":true,\"text_align\":\"center\",\"title_align\":\"top\",\"title_element\":\"h3\",\"title_grid_breakpoint\":\"m\",\"title_grid_width\":\"1-2\",\"title_hover_style\":\"reset\"},\"children\":[{\"type\":\"grid_item\",\"props\":{\"content\":\"Tycom Digital Solutions ist offizieller SAP Partner\",\"image\":\"wp-content\/uploads\/2024\/08\/SAP-partner-logo.png\",\"image_alt\":\"SAP Partner Logo\"}},{\"type\":\"grid_item\",\"props\":{\"content\":\"Gemeinsame Interface-L\u00f6sungen zur Anbindung externer Software an Prozesse in SAP-Systemen\",\"image\":\"wp-content\/uploads\/2024\/08\/SPG-Logo.webp\"}},{\"type\":\"grid_item\",\"props\":{\"content\":\"Kooperationspartner f\u00fcr SAP S\/4 HANA Conversions & Support\",\"image\":\"wp-content\/uploads\/2024\/08\/CNT_Management_Consulting_Logo.png\"}},{\"type\":\"grid_item\",\"props\":{\"content\":\"Mit KI-Software automatisierte Verarbeitung von Gesch\u00e4ftsdokumenten mit Anbindung an SAP\",\"image\":\"wp-content\/uploads\/2025\/09\/Workist_logo.svg\"}}]}]}]}]}],\"version\":\"5.0.26\"} --><\/p>\n","protected":false},"excerpt":{"rendered":"<p>Kontakt &#038; Service Unsere Partner Gemeinsam mit unseren starken Partnern bringen wir die Vorteile unserer L\u00f6sungen noch einfacher zu unseren Kunden. Tycom Digital Solutions ist offizieller SAP Partner Gemeinsame Interface-L\u00f6sungen zur Anbindung externer Software an Prozesse in SAP-Systemen Kooperationspartner f\u00fcr SAP S\/4 HANA Conversions &#038; Support Mit KI-Software automatisierte Verarbeitung von Gesch\u00e4ftsdokumenten mit Anbindung an [&hellip;]<\/p>\n","protected":false},"author":9,"featured_media":0,"parent":0,"menu_order":0,"comment_status":"closed","ping_status":"closed","template":"","meta":{"footnotes":""},"class_list":["post-4614","page","type-page","status-publish","hentry"],"_links":{"self":[{"href":"https:\/\/tycom.at\/en\/wp-json\/wp\/v2\/pages\/4614","targetHints":{"allow":["GET"]}}],"collection":[{"href":"https:\/\/tycom.at\/en\/wp-json\/wp\/v2\/pages"}],"about":[{"href":"https:\/\/tycom.at\/en\/wp-json\/wp\/v2\/types\/page"}],"author":[{"embeddable":true,"href":"https:\/\/tycom.at\/en\/wp-json\/wp\/v2\/users\/9"}],"replies":[{"embeddable":true,"href":"https:\/\/tycom.at\/en\/wp-json\/wp\/v2\/comments?post=4614"}],"version-history":[{"count":6,"href":"https:\/\/tycom.at\/en\/wp-json\/wp\/v2\/pages\/4614\/revisions"}],"predecessor-version":[{"id":4622,"href":"https:\/\/tycom.at\/en\/wp-json\/wp\/v2\/pages\/4614\/revisions\/4622"}],"wp:attachment":[{"href":"https:\/\/tycom.at\/en\/wp-json\/wp\/v2\/media?parent=4614"}],"curies":[{"name":"wp","href":"https:\/\/api.w.org\/{rel}","templated":true}]}}